
{"id":2,"date":"2015-06-07T11:46:06","date_gmt":"2015-06-07T09:46:06","guid":{"rendered":"http:\/\/www.heiduk.ch\/wp-hzg-ukjbllgb\/?page_id=2"},"modified":"2016-02-14T12:53:43","modified_gmt":"2016-02-14T11:53:43","slug":"heiduk","status":"publish","type":"page","link":"https:\/\/www.heiduk.ch\/wp-hzg-ukjbllgb\/","title":{"rendered":"Home"},"content":{"rendered":"<p><img loading=\"lazy\" decoding=\"async\" class=\"aligncenter wp-image-93 size-full\" src=\"https:\/\/www.heiduk.ch\/wp-hzg-ukjbllgb\/wp-content\/uploads\/2015\/11\/386657_2606939826283_1408704287_n.jpg\" alt=\"\" width=\"960\" height=\"639\" srcset=\"https:\/\/www.heiduk.ch\/wp-hzg-ukjbllgb\/wp-content\/uploads\/2015\/11\/386657_2606939826283_1408704287_n.jpg 960w, https:\/\/www.heiduk.ch\/wp-hzg-ukjbllgb\/wp-content\/uploads\/2015\/11\/386657_2606939826283_1408704287_n-300x200.jpg 300w\" sizes=\"auto, (max-width: 960px) 100vw, 960px\" \/><\/p>\n<p><span style=\"color: #fff0f5;\">heiduk.ch<br \/>\nAtelier f\u00fcr Leder und Stoffe, Kleider, Deko, Zeltbau, Schmuck und mehr&#8230;.<br \/>\nSpielerischer Umgang mit verschiedensten Materialien, sch\u00f6pferische Freude&#8230;.<br \/>\nseit 2013 kann ich die R\u00e4ume an der Burgstrasse nach viel Instandstellung nutzen und meinem vielseitigen Schaffen Raum geben. Ich freu mich meine Arbeiten zu zeigen.<\/span><\/p>\n<p><span style=\"color: #fff0f5;\">Projekt Lichterdinger, inspiriert durch die Lichter eines Verkehrsstaus, H\u00e4ngelampen, Bildlampen, Stehlampen in verschiedensten Farben und Gr\u00f6ssen&#8230;&#8230;.<\/span><\/p>\n<p><span style=\"color: #fff0f5;\">Tieramulette, die Kraft der Tiere, \u00fcber Jahre gewachsene Idee&#8230;<\/span><\/p>\n<p><span style=\"color: #fff0f5;\">Zeichen aus dem Himalaya&#8230;indianisch anmutende Perlenstickerei und Decken, kamen mit von meinen Reisen&#8230;.<\/span><\/p>\n<p><span style=\"color: #fff0f5;\">Schmuck&#8230;..Steine und Muscheln von mir zu Schmuck verarbeitet, teielweise im Dschungel von Thailand entstanden&#8230;..<\/span><\/p>\n<p><span style=\"color: #fff0f5;\">heiduk rockt&#8230;..Kollektion aus R\u00f6cken und H\u00fcftschmeichlern aus nordthail\u00e4ndischen Trachtenstoffen, vorwiegend Pliss\u00e9e, bestickt, bedruckt von mir zu tragbaren Teilen verarbeitet<\/span><\/p>\n<p><span style=\"color: #fff0f5;\">Diese Tasche ist auch eine M\u00fctze&#8230;.diese M\u00fctze ist auch eine Tasche&#8230;..<\/span><\/p>\n<p><span style=\"color: #fff0f5;\">Kugeln auf verschiedene Arten gefasst und verziert&#8230;..<\/span><\/p>\n<p><span style=\"color: #fff0f5;\">Flugfedern, Windspiele&#8230;..<\/span><\/p>\n","protected":false},"excerpt":{"rendered":"<p>heiduk.ch Atelier f\u00fcr Leder und Stoffe, Kleider, Deko, Zeltbau, Schmuck und mehr&#8230;. Spielerischer Umgang mit verschiedensten Materialien, sch\u00f6pferische Freude&#8230;. seit 2013 kann ich die R\u00e4ume an der Burgstrasse nach viel Instandstellung nutzen und meinem vielseitigen Schaffen Raum geben. Ich freu mich meine Arbeiten zu zeigen. Projekt Lichterdinger, inspiriert durch die Lichter eines Verkehrsstaus, H\u00e4ngelampen, Bildlampen, [&hellip;]<\/p>\n","protected":false},"author":1,"featured_media":0,"parent":0,"menu_order":0,"comment_status":"closed","ping_status":"closed","template":"","meta":{"footnotes":""},"class_list":["post-2","page","type-page","status-publish","hentry"],"_links":{"self":[{"href":"https:\/\/www.heiduk.ch\/wp-hzg-ukjbllgb\/wp-json\/wp\/v2\/pages\/2","targetHints":{"allow":["GET"]}}],"collection":[{"href":"https:\/\/www.heiduk.ch\/wp-hzg-ukjbllgb\/wp-json\/wp\/v2\/pages"}],"about":[{"href":"https:\/\/www.heiduk.ch\/wp-hzg-ukjbllgb\/wp-json\/wp\/v2\/types\/page"}],"author":[{"embeddable":true,"href":"https:\/\/www.heiduk.ch\/wp-hzg-ukjbllgb\/wp-json\/wp\/v2\/users\/1"}],"replies":[{"embeddable":true,"href":"https:\/\/www.heiduk.ch\/wp-hzg-ukjbllgb\/wp-json\/wp\/v2\/comments?post=2"}],"version-history":[{"count":14,"href":"https:\/\/www.heiduk.ch\/wp-hzg-ukjbllgb\/wp-json\/wp\/v2\/pages\/2\/revisions"}],"predecessor-version":[{"id":119,"href":"https:\/\/www.heiduk.ch\/wp-hzg-ukjbllgb\/wp-json\/wp\/v2\/pages\/2\/revisions\/119"}],"wp:attachment":[{"href":"https:\/\/www.heiduk.ch\/wp-hzg-ukjbllgb\/wp-json\/wp\/v2\/media?parent=2"}],"curies":[{"name":"wp","href":"https:\/\/api.w.org\/{rel}","templated":true}]}}