
{"id":24,"date":"2015-09-08T21:50:38","date_gmt":"2015-09-08T19:50:38","guid":{"rendered":"http:\/\/www.heiduk.ch\/?page_id=24"},"modified":"2016-02-27T09:05:23","modified_gmt":"2016-02-27T08:05:23","slug":"market","status":"publish","type":"page","link":"https:\/\/www.heiduk.ch\/wp-hzg-ukjbllgb\/market\/","title":{"rendered":"Market"},"content":{"rendered":"<p><span style=\"color: #fff0f5;\"><strong>2016<\/strong><\/span><\/p>\n<p><span style=\"color:#FFF0F5;\">27. Februar: <a href=\"https:\/\/www.facebook.com\/events\/1692767874313004\/\" target=\"_blank\">Change the World<\/a>. Ausstellung mit Vivana Compte<\/span><br \/>\n<span style=\"color:#FFF0F5;\">17.00 &#8211; 22.00 Uhr in Lichtensteig. Jam for Peace, nimm deine Instrumente mit.<\/span><\/p>\n<p><span style=\"color: #fff0f5;\">13.-14. Mai 16: <a href=\"http:\/\/www.einewelt.ch\/\" target=\"_blank\">Eine Welt in Winterthur<\/a> Pfingst-Happening Markt<\/span><\/p>\n<p><span style=\"color: #fff0f5;\">18. Juni 16: <strong>Kunst und Kuriosit\u00e4tenmarkt<\/strong>, St. Gallen<\/span><br \/>\n<span style=\"color: #fff0f5;\">10. September: <strong>Kunst und Kuriosit\u00e4tenmarkt<\/strong>, St. Gallen<\/span><br \/>\n<span style=\"color: #fff0f5;\"><a href=\"http:\/\/www.kunst-und-kuriosit\u00e4ten.ch\/\" target=\"_blank\">www.kunst-und.kuriosit\u00e4ten.ch<\/a><\/span><\/p>\n<p><span style=\"color: #fff0f5;\">Atelierbesuche sind auf Anfrage m\u00f6glich: <a href=\"https:\/\/www.heiduk.ch\/wp-hzg-ukjbllgb\/kontakt\/\"> Kontakt<\/a><\/span><\/p>\n<p><span style=\"color: #fff0f5;\"><strong>2015<\/strong><\/span><\/p>\n<p><span style=\"color: #fff0f5;\">4. \u2013 6. September 15\u00a0 \u00a0<a href=\"http:\/\/www.irish-openair.ch\/\" target=\"_blank\">Irish O<\/a><a href=\"http:\/\/www.irish-openair.ch\/\" target=\"_blank\">pen-Air Toggenburg<\/a><\/span><\/p>\n<div>\n<p><span style=\"color: #fff0f5;\"><a href=\"http:\/\/www.xn--kunst-und-kuriositten-n2b.ch\/wp-content\/uploads\/2015\/08\/kuklogo15kliz.jpg\" data-cke-saved-href=\"http:\/\/www.xn--kunst-und-kuriositten-n2b.ch\/wp-content\/uploads\/2015\/08\/kuklogo15kliz.jpg\">[nggallery id=2]<\/a><\/span><\/p>\n<\/div>\n<p><span style=\"color: #fff0f5;\">29. August 15 \u00a0 \u00a0<a href=\"http:\/\/www.xn--kunst-und-kuriositten-n2b.ch\/\" target=\"_blank\">Kunst-H<\/a><a href=\"http:\/\/www.xn--kunst-und-kuriositten-n2b.ch\/\" target=\"_blank\">andwerk-Kuriosit\u00e4ten Markt St. Gallen<\/a><\/span><\/p>\n<p><span style=\"color: #fff0f5;\">12. &#8211; 14. Juni 15 \u00a0 Atelierausstellung Burgstrasse<\/span><\/p>\n<p><span style=\"color: #fff0f5;\">4.- 20. Dezember 15 Atelierausstellung Burgstrasse<br \/>\nJeweils 17.00 &#8211; 21.00 Uhr, Freitag bis Sonntag, Sonntag mit Stobete<br \/>\nVernissage: 4. Dezember, Finissage: 20. Dezember<\/span><\/p>\n","protected":false},"excerpt":{"rendered":"<p>2016 27. Februar: Change the World. Ausstellung mit Vivana Compte 17.00 &#8211; 22.00 Uhr in Lichtensteig. Jam for Peace, nimm deine Instrumente mit. 13.-14. Mai 16: Eine Welt in Winterthur Pfingst-Happening Markt 18. Juni 16: Kunst und Kuriosit\u00e4tenmarkt, St. Gallen 10. September: Kunst und Kuriosit\u00e4tenmarkt, St. Gallen www.kunst-und.kuriosit\u00e4ten.ch Atelierbesuche sind auf Anfrage m\u00f6glich: Kontakt 2015 [&hellip;]<\/p>\n","protected":false},"author":3,"featured_media":29,"parent":0,"menu_order":9,"comment_status":"closed","ping_status":"closed","template":"","meta":{"footnotes":""},"class_list":["post-24","page","type-page","status-publish","has-post-thumbnail","hentry"],"_links":{"self":[{"href":"https:\/\/www.heiduk.ch\/wp-hzg-ukjbllgb\/wp-json\/wp\/v2\/pages\/24","targetHints":{"allow":["GET"]}}],"collection":[{"href":"https:\/\/www.heiduk.ch\/wp-hzg-ukjbllgb\/wp-json\/wp\/v2\/pages"}],"about":[{"href":"https:\/\/www.heiduk.ch\/wp-hzg-ukjbllgb\/wp-json\/wp\/v2\/types\/page"}],"author":[{"embeddable":true,"href":"https:\/\/www.heiduk.ch\/wp-hzg-ukjbllgb\/wp-json\/wp\/v2\/users\/3"}],"replies":[{"embeddable":true,"href":"https:\/\/www.heiduk.ch\/wp-hzg-ukjbllgb\/wp-json\/wp\/v2\/comments?post=24"}],"version-history":[{"count":14,"href":"https:\/\/www.heiduk.ch\/wp-hzg-ukjbllgb\/wp-json\/wp\/v2\/pages\/24\/revisions"}],"predecessor-version":[{"id":144,"href":"https:\/\/www.heiduk.ch\/wp-hzg-ukjbllgb\/wp-json\/wp\/v2\/pages\/24\/revisions\/144"}],"wp:featuredmedia":[{"embeddable":true,"href":"https:\/\/www.heiduk.ch\/wp-hzg-ukjbllgb\/wp-json\/wp\/v2\/media\/29"}],"wp:attachment":[{"href":"https:\/\/www.heiduk.ch\/wp-hzg-ukjbllgb\/wp-json\/wp\/v2\/media?parent=24"}],"curies":[{"name":"wp","href":"https:\/\/api.w.org\/{rel}","templated":true}]}}