
{"id":65,"date":"2015-10-30T12:19:11","date_gmt":"2015-10-30T11:19:11","guid":{"rendered":"http:\/\/www.heiduk.ch\/?page_id=65"},"modified":"2016-02-20T14:23:20","modified_gmt":"2016-02-20T13:23:20","slug":"links","status":"publish","type":"page","link":"https:\/\/www.heiduk.ch\/wp-hzg-ukjbllgb\/kontakt\/links\/","title":{"rendered":"Links"},"content":{"rendered":"<ul>\n<li><span class=\"Apple-style-span\">Kunst-Handwerk &amp; Kuriosit\u00e4tenmarkt :\u00a0<a href=\"http:\/\/www.xn--kunst-und-kuriositten-n2b.ch\/\" target=\"_blank\">kunst-und-kuriosit\u00e4ten.ch<\/a><\/span><\/li>\n<li>Naturspiritualit\u00e4t, R\u00e4uchern &amp; Kunsthandwerk\u00a0<span class=\"Apple-style-span\">:\u00a0<a title=\"zweig\" href=\"http:\/\/www.gruener-zweig.ch\/\" target=\"_blank\">Zum Gr\u00fcnenZweig<\/a><\/span><\/li>\n<li>Friedensfeuer: fb:\u00a0<a href=\"https:\/\/www.facebook.com\/HOPIFEUER\/?\" target=\"_blank\">Hopi Friedensfeuer<\/a><\/li>\n<li>Macht hier die Webseite:\u00a0<a href=\"https:\/\/manisjariah.wordpress.com\/\" target=\"_blank\">manisjariah.wordpress.com<\/a><\/li>\n<\/ul>\n","protected":false},"excerpt":{"rendered":"<p>Kunst-Handwerk &amp; Kuriosit\u00e4tenmarkt :\u00a0kunst-und-kuriosit\u00e4ten.ch Naturspiritualit\u00e4t, R\u00e4uchern &amp; Kunsthandwerk\u00a0:\u00a0Zum Gr\u00fcnenZweig Friedensfeuer: fb:\u00a0Hopi Friedensfeuer Macht hier die Webseite:\u00a0manisjariah.wordpress.com<\/p>\n","protected":false},"author":3,"featured_media":68,"parent":44,"menu_order":1,"comment_status":"closed","ping_status":"closed","template":"","meta":{"footnotes":""},"class_list":["post-65","page","type-page","status-publish","has-post-thumbnail","hentry"],"_links":{"self":[{"href":"https:\/\/www.heiduk.ch\/wp-hzg-ukjbllgb\/wp-json\/wp\/v2\/pages\/65","targetHints":{"allow":["GET"]}}],"collection":[{"href":"https:\/\/www.heiduk.ch\/wp-hzg-ukjbllgb\/wp-json\/wp\/v2\/pages"}],"about":[{"href":"https:\/\/www.heiduk.ch\/wp-hzg-ukjbllgb\/wp-json\/wp\/v2\/types\/page"}],"author":[{"embeddable":true,"href":"https:\/\/www.heiduk.ch\/wp-hzg-ukjbllgb\/wp-json\/wp\/v2\/users\/3"}],"replies":[{"embeddable":true,"href":"https:\/\/www.heiduk.ch\/wp-hzg-ukjbllgb\/wp-json\/wp\/v2\/comments?post=65"}],"version-history":[{"count":5,"href":"https:\/\/www.heiduk.ch\/wp-hzg-ukjbllgb\/wp-json\/wp\/v2\/pages\/65\/revisions"}],"predecessor-version":[{"id":143,"href":"https:\/\/www.heiduk.ch\/wp-hzg-ukjbllgb\/wp-json\/wp\/v2\/pages\/65\/revisions\/143"}],"up":[{"embeddable":true,"href":"https:\/\/www.heiduk.ch\/wp-hzg-ukjbllgb\/wp-json\/wp\/v2\/pages\/44"}],"wp:featuredmedia":[{"embeddable":true,"href":"https:\/\/www.heiduk.ch\/wp-hzg-ukjbllgb\/wp-json\/wp\/v2\/media\/68"}],"wp:attachment":[{"href":"https:\/\/www.heiduk.ch\/wp-hzg-ukjbllgb\/wp-json\/wp\/v2\/media?parent=65"}],"curies":[{"name":"wp","href":"https:\/\/api.w.org\/{rel}","templated":true}]}}